{"id":2669,"date":"2024-04-24T12:09:04","date_gmt":"2024-04-24T17:09:04","guid":{"rendered":"https:\/\/enfieldextreme.com\/?post_type=product&#038;p=2669"},"modified":"2024-06-26T19:50:53","modified_gmt":"2024-06-27T00:50:53","slug":"chevrolet-onix-automatico","status":"publish","type":"product","link":"https:\/\/enfieldextreme.com\/index.php\/producto\/chevrolet-onix-automatico\/","title":{"rendered":"CHEVROLET ONIX AUTOM\u00c1TICO"},"content":{"rendered":"","protected":false},"excerpt":{"rendered":"<p>El Chevrolet Onix Turbo Sed\u00e1n viene con una serie de caracter\u00edsticas que lo consolidan sumamente innovador en su clase.<\/p>\n","protected":false},"featured_media":2268,"template":"","meta":{"_kadence_starter_templates_imported_post":false,"_kad_post_transparent":"default","_kad_post_title":"","_kad_post_layout":"default","_kad_post_sidebar_id":"","_kad_post_content_style":"default","_kad_post_vertical_padding":"default","_kad_post_feature":"","_kad_post_feature_position":"","_kad_post_header":false,"_kad_post_footer":false,"_kad_post_classname":"","_joinchat":[]},"product_brand":[],"product_cat":[40],"product_tag":[],"class_list":{"0":"post-2669","1":"product","2":"type-product","3":"status-publish","4":"has-post-thumbnail","6":"product_cat-carros","8":"first","9":"instock","10":"sold-individually","11":"taxable","12":"shipping-taxable","13":"purchasable","14":"product-type-booking","15":"entry","16":"content-bg","17":"loop-entry"},"yoast_head":"<!-- This site is optimized with the Yoast SEO plugin v26.9 - https:\/\/yoast.com\/product\/yoast-seo-wordpress\/ -->\n<title>CHEVROLET ONIX AUTOM\u00c1TICO - Enfield Extreme<\/title>\n<meta name=\"robots\" content=\"index, follow, max-snippet:-1, max-image-preview:large, max-video-preview:-1\" \/>\n<link rel=\"canonical\" href=\"https:\/\/enfieldextreme.com\/index.php\/producto\/chevrolet-onix-automatico\/\" \/>\n<meta property=\"og:locale\" content=\"es_ES\" \/>\n<meta property=\"og:type\" content=\"article\" \/>\n<meta property=\"og:title\" content=\"CHEVROLET ONIX AUTOM\u00c1TICO - Enfield Extreme\" \/>\n<meta property=\"og:description\" content=\"El Chevrolet Onix Turbo Sed\u00e1n viene con una serie de caracter\u00edsticas que lo consolidan sumamente innovador en su clase.\" \/>\n<meta property=\"og:url\" content=\"https:\/\/enfieldextreme.com\/index.php\/producto\/chevrolet-onix-automatico\/\" \/>\n<meta property=\"og:site_name\" content=\"Enfield Extreme\" \/>\n<meta property=\"article:modified_time\" content=\"2024-06-27T00:50:53+00:00\" \/>\n<meta property=\"og:image\" content=\"https:\/\/enfieldextreme.com\/wp-content\/uploads\/2024\/01\/2022-colorizer-onix-sedan-06.png\" \/>\n\t<meta property=\"og:image:width\" content=\"653\" \/>\n\t<meta property=\"og:image:height\" content=\"327\" \/>\n\t<meta property=\"og:image:type\" content=\"image\/png\" \/>\n<meta name=\"twitter:card\" content=\"summary_large_image\" \/>\n<meta name=\"twitter:label1\" content=\"Tiempo de lectura\" \/>\n\t<meta name=\"twitter:data1\" content=\"1 minuto\" \/>\n<script type=\"application\/ld+json\" class=\"yoast-schema-graph\">{\"@context\":\"https:\/\/schema.org\",\"@graph\":[{\"@type\":\"WebPage\",\"@id\":\"https:\/\/enfieldextreme.com\/index.php\/producto\/chevrolet-onix-automatico\/\",\"url\":\"https:\/\/enfieldextreme.com\/index.php\/producto\/chevrolet-onix-automatico\/\",\"name\":\"CHEVROLET ONIX AUTOM\u00c1TICO - Enfield Extreme\",\"isPartOf\":{\"@id\":\"https:\/\/enfieldextreme.com\/#website\"},\"primaryImageOfPage\":{\"@id\":\"https:\/\/enfieldextreme.com\/index.php\/producto\/chevrolet-onix-automatico\/#primaryimage\"},\"image\":{\"@id\":\"https:\/\/enfieldextreme.com\/index.php\/producto\/chevrolet-onix-automatico\/#primaryimage\"},\"thumbnailUrl\":\"https:\/\/enfieldextreme.com\/wp-content\/uploads\/2024\/01\/2022-colorizer-onix-sedan-06.png\",\"datePublished\":\"2024-04-24T17:09:04+00:00\",\"dateModified\":\"2024-06-27T00:50:53+00:00\",\"breadcrumb\":{\"@id\":\"https:\/\/enfieldextreme.com\/index.php\/producto\/chevrolet-onix-automatico\/#breadcrumb\"},\"inLanguage\":\"es\",\"potentialAction\":[{\"@type\":\"ReadAction\",\"target\":[\"https:\/\/enfieldextreme.com\/index.php\/producto\/chevrolet-onix-automatico\/\"]}]},{\"@type\":\"ImageObject\",\"inLanguage\":\"es\",\"@id\":\"https:\/\/enfieldextreme.com\/index.php\/producto\/chevrolet-onix-automatico\/#primaryimage\",\"url\":\"https:\/\/enfieldextreme.com\/wp-content\/uploads\/2024\/01\/2022-colorizer-onix-sedan-06.png\",\"contentUrl\":\"https:\/\/enfieldextreme.com\/wp-content\/uploads\/2024\/01\/2022-colorizer-onix-sedan-06.png\",\"width\":653,\"height\":327},{\"@type\":\"BreadcrumbList\",\"@id\":\"https:\/\/enfieldextreme.com\/index.php\/producto\/chevrolet-onix-automatico\/#breadcrumb\",\"itemListElement\":[{\"@type\":\"ListItem\",\"position\":1,\"name\":\"Portada\",\"item\":\"https:\/\/enfieldextreme.com\/\"},{\"@type\":\"ListItem\",\"position\":2,\"name\":\"Productos\",\"item\":\"https:\/\/enfieldextreme.com\/index.php\/shop\/\"},{\"@type\":\"ListItem\",\"position\":3,\"name\":\"CHEVROLET ONIX AUTOM\u00c1TICO\"}]},{\"@type\":\"WebSite\",\"@id\":\"https:\/\/enfieldextreme.com\/#website\",\"url\":\"https:\/\/enfieldextreme.com\/\",\"name\":\"Enfield Extreme\",\"description\":\"\",\"publisher\":{\"@id\":\"https:\/\/enfieldextreme.com\/#organization\"},\"potentialAction\":[{\"@type\":\"SearchAction\",\"target\":{\"@type\":\"EntryPoint\",\"urlTemplate\":\"https:\/\/enfieldextreme.com\/?s={search_term_string}\"},\"query-input\":{\"@type\":\"PropertyValueSpecification\",\"valueRequired\":true,\"valueName\":\"search_term_string\"}}],\"inLanguage\":\"es\"},{\"@type\":\"Organization\",\"@id\":\"https:\/\/enfieldextreme.com\/#organization\",\"name\":\"Enfield Extreme\",\"url\":\"https:\/\/enfieldextreme.com\/\",\"logo\":{\"@type\":\"ImageObject\",\"inLanguage\":\"es\",\"@id\":\"https:\/\/enfieldextreme.com\/#\/schema\/logo\/image\/\",\"url\":\"https:\/\/enfieldextreme.com\/wp-content\/uploads\/2023\/11\/cropped-LOGOENFIELDX.png\",\"contentUrl\":\"https:\/\/enfieldextreme.com\/wp-content\/uploads\/2023\/11\/cropped-LOGOENFIELDX.png\",\"width\":1279,\"height\":686,\"caption\":\"Enfield Extreme\"},\"image\":{\"@id\":\"https:\/\/enfieldextreme.com\/#\/schema\/logo\/image\/\"}}]}<\/script>\n<!-- \/ Yoast SEO plugin. -->","yoast_head_json":{"title":"CHEVROLET ONIX AUTOM\u00c1TICO - Enfield Extreme","robots":{"index":"index","follow":"follow","max-snippet":"max-snippet:-1","max-image-preview":"max-image-preview:large","max-video-preview":"max-video-preview:-1"},"canonical":"https:\/\/enfieldextreme.com\/index.php\/producto\/chevrolet-onix-automatico\/","og_locale":"es_ES","og_type":"article","og_title":"CHEVROLET ONIX AUTOM\u00c1TICO - Enfield Extreme","og_description":"El Chevrolet Onix Turbo Sed\u00e1n viene con una serie de caracter\u00edsticas que lo consolidan sumamente innovador en su clase.","og_url":"https:\/\/enfieldextreme.com\/index.php\/producto\/chevrolet-onix-automatico\/","og_site_name":"Enfield Extreme","article_modified_time":"2024-06-27T00:50:53+00:00","og_image":[{"width":653,"height":327,"url":"https:\/\/enfieldextreme.com\/wp-content\/uploads\/2024\/01\/2022-colorizer-onix-sedan-06.png","type":"image\/png"}],"twitter_card":"summary_large_image","twitter_misc":{"Tiempo de lectura":"1 minuto"},"schema":{"@context":"https:\/\/schema.org","@graph":[{"@type":"WebPage","@id":"https:\/\/enfieldextreme.com\/index.php\/producto\/chevrolet-onix-automatico\/","url":"https:\/\/enfieldextreme.com\/index.php\/producto\/chevrolet-onix-automatico\/","name":"CHEVROLET ONIX AUTOM\u00c1TICO - Enfield Extreme","isPartOf":{"@id":"https:\/\/enfieldextreme.com\/#website"},"primaryImageOfPage":{"@id":"https:\/\/enfieldextreme.com\/index.php\/producto\/chevrolet-onix-automatico\/#primaryimage"},"image":{"@id":"https:\/\/enfieldextreme.com\/index.php\/producto\/chevrolet-onix-automatico\/#primaryimage"},"thumbnailUrl":"https:\/\/enfieldextreme.com\/wp-content\/uploads\/2024\/01\/2022-colorizer-onix-sedan-06.png","datePublished":"2024-04-24T17:09:04+00:00","dateModified":"2024-06-27T00:50:53+00:00","breadcrumb":{"@id":"https:\/\/enfieldextreme.com\/index.php\/producto\/chevrolet-onix-automatico\/#breadcrumb"},"inLanguage":"es","potentialAction":[{"@type":"ReadAction","target":["https:\/\/enfieldextreme.com\/index.php\/producto\/chevrolet-onix-automatico\/"]}]},{"@type":"ImageObject","inLanguage":"es","@id":"https:\/\/enfieldextreme.com\/index.php\/producto\/chevrolet-onix-automatico\/#primaryimage","url":"https:\/\/enfieldextreme.com\/wp-content\/uploads\/2024\/01\/2022-colorizer-onix-sedan-06.png","contentUrl":"https:\/\/enfieldextreme.com\/wp-content\/uploads\/2024\/01\/2022-colorizer-onix-sedan-06.png","width":653,"height":327},{"@type":"BreadcrumbList","@id":"https:\/\/enfieldextreme.com\/index.php\/producto\/chevrolet-onix-automatico\/#breadcrumb","itemListElement":[{"@type":"ListItem","position":1,"name":"Portada","item":"https:\/\/enfieldextreme.com\/"},{"@type":"ListItem","position":2,"name":"Productos","item":"https:\/\/enfieldextreme.com\/index.php\/shop\/"},{"@type":"ListItem","position":3,"name":"CHEVROLET ONIX AUTOM\u00c1TICO"}]},{"@type":"WebSite","@id":"https:\/\/enfieldextreme.com\/#website","url":"https:\/\/enfieldextreme.com\/","name":"Enfield Extreme","description":"","publisher":{"@id":"https:\/\/enfieldextreme.com\/#organization"},"potentialAction":[{"@type":"SearchAction","target":{"@type":"EntryPoint","urlTemplate":"https:\/\/enfieldextreme.com\/?s={search_term_string}"},"query-input":{"@type":"PropertyValueSpecification","valueRequired":true,"valueName":"search_term_string"}}],"inLanguage":"es"},{"@type":"Organization","@id":"https:\/\/enfieldextreme.com\/#organization","name":"Enfield Extreme","url":"https:\/\/enfieldextreme.com\/","logo":{"@type":"ImageObject","inLanguage":"es","@id":"https:\/\/enfieldextreme.com\/#\/schema\/logo\/image\/","url":"https:\/\/enfieldextreme.com\/wp-content\/uploads\/2023\/11\/cropped-LOGOENFIELDX.png","contentUrl":"https:\/\/enfieldextreme.com\/wp-content\/uploads\/2023\/11\/cropped-LOGOENFIELDX.png","width":1279,"height":686,"caption":"Enfield Extreme"},"image":{"@id":"https:\/\/enfieldextreme.com\/#\/schema\/logo\/image\/"}}]}},"_links":{"self":[{"href":"https:\/\/enfieldextreme.com\/index.php\/wp-json\/wp\/v2\/product\/2669","targetHints":{"allow":["GET"]}}],"collection":[{"href":"https:\/\/enfieldextreme.com\/index.php\/wp-json\/wp\/v2\/product"}],"about":[{"href":"https:\/\/enfieldextreme.com\/index.php\/wp-json\/wp\/v2\/types\/product"}],"wp:featuredmedia":[{"embeddable":true,"href":"https:\/\/enfieldextreme.com\/index.php\/wp-json\/wp\/v2\/media\/2268"}],"wp:attachment":[{"href":"https:\/\/enfieldextreme.com\/index.php\/wp-json\/wp\/v2\/media?parent=2669"}],"wp:term":[{"taxonomy":"product_brand","embeddable":true,"href":"https:\/\/enfieldextreme.com\/index.php\/wp-json\/wp\/v2\/product_brand?post=2669"},{"taxonomy":"product_cat","embeddable":true,"href":"https:\/\/enfieldextreme.com\/index.php\/wp-json\/wp\/v2\/product_cat?post=2669"},{"taxonomy":"product_tag","embeddable":true,"href":"https:\/\/enfieldextreme.com\/index.php\/wp-json\/wp\/v2\/product_tag?post=2669"}],"curies":[{"name":"wp","href":"https:\/\/api.w.org\/{rel}","templated":true}]}}