{"id":2613,"date":"2024-04-23T10:36:04","date_gmt":"2024-04-23T15:36:04","guid":{"rendered":"https:\/\/enfieldextreme.com\/?post_type=product&#038;p=2613"},"modified":"2026-02-06T12:20:45","modified_gmt":"2026-02-06T17:20:45","slug":"royal-enfield-himalayan-411cc-sleet","status":"publish","type":"product","link":"https:\/\/enfieldextreme.com\/index.php\/producto\/royal-enfield-himalayan-411cc-sleet\/","title":{"rendered":"ROYAL ENFIELD HIMALAYAN 411CC &#8211; SLEET"},"content":{"rendered":"","protected":false},"excerpt":{"rendered":"<p>La Royal Enfield Himalayan supone un nuevo hito en la historia del fabricante de motos en activo m\u00e1s longevo del mundo. Esta moto de trail el el primer modelo desarrollado 100 por cien por Royal Enfield con las m\u00e1s modernas t\u00e9cnicas de fabricaci\u00f3n y est\u00e1 orientado hacia los que tengan el carnet de moto A2, as\u00ed como para pilotos m\u00e1s experimentados.<\/p>\n","protected":false},"featured_media":1847,"template":"","meta":{"_kadence_starter_templates_imported_post":false,"_kad_post_transparent":"default","_kad_post_title":"","_kad_post_layout":"default","_kad_post_sidebar_id":"","_kad_post_content_style":"default","_kad_post_vertical_padding":"default","_kad_post_feature":"","_kad_post_feature_position":"","_kad_post_header":false,"_kad_post_footer":false,"_kad_post_classname":"","_joinchat":[]},"product_brand":[],"product_cat":[39],"product_tag":[],"class_list":{"0":"post-2613","1":"product","2":"type-product","3":"status-publish","4":"has-post-thumbnail","6":"product_cat-motos","8":"first","9":"instock","10":"sold-individually","11":"taxable","12":"shipping-taxable","13":"purchasable","14":"product-type-booking","15":"entry","16":"content-bg","17":"loop-entry"},"yoast_head":"<!-- This site is optimized with the Yoast SEO plugin v27.4 - https:\/\/yoast.com\/product\/yoast-seo-wordpress\/ -->\n<title>ROYAL ENFIELD HIMALAYAN 411CC - SLEET - Enfield Extreme<\/title>\n<meta name=\"robots\" content=\"index, follow, max-snippet:-1, max-image-preview:large, max-video-preview:-1\" \/>\n<link rel=\"canonical\" href=\"https:\/\/enfieldextreme.com\/index.php\/producto\/royal-enfield-himalayan-411cc-sleet\/\" \/>\n<meta property=\"og:locale\" content=\"es_ES\" \/>\n<meta property=\"og:type\" content=\"article\" \/>\n<meta property=\"og:title\" content=\"ROYAL ENFIELD HIMALAYAN 411CC - SLEET - Enfield Extreme\" \/>\n<meta property=\"og:description\" content=\"La Royal Enfield Himalayan supone un nuevo hito en la historia del fabricante de motos en activo m\u00e1s longevo del mundo. Esta moto de trail el el primer modelo desarrollado 100 por cien por Royal Enfield con las m\u00e1s modernas t\u00e9cnicas de fabricaci\u00f3n y est\u00e1 orientado hacia los que tengan el carnet de moto A2, as\u00ed como para pilotos m\u00e1s experimentados.\" \/>\n<meta property=\"og:url\" content=\"https:\/\/enfieldextreme.com\/index.php\/producto\/royal-enfield-himalayan-411cc-sleet\/\" \/>\n<meta property=\"og:site_name\" content=\"Enfield Extreme\" \/>\n<meta property=\"article:modified_time\" content=\"2026-02-06T17:20:45+00:00\" \/>\n<meta property=\"og:image\" content=\"https:\/\/enfieldextreme.com\/wp-content\/uploads\/2023\/11\/830-x-600-himalayan-abs-i-e1700234913320.png\" \/>\n\t<meta property=\"og:image:width\" content=\"830\" \/>\n\t<meta property=\"og:image:height\" content=\"600\" \/>\n\t<meta property=\"og:image:type\" content=\"image\/png\" \/>\n<meta name=\"twitter:card\" content=\"summary_large_image\" \/>\n<meta name=\"twitter:label1\" content=\"Tiempo de lectura\" \/>\n\t<meta name=\"twitter:data1\" content=\"1 minuto\" \/>\n<script type=\"application\/ld+json\" class=\"yoast-schema-graph\">{\"@context\":\"https:\\\/\\\/schema.org\",\"@graph\":[{\"@type\":\"WebPage\",\"@id\":\"https:\\\/\\\/enfieldextreme.com\\\/index.php\\\/producto\\\/royal-enfield-himalayan-411cc-sleet\\\/\",\"url\":\"https:\\\/\\\/enfieldextreme.com\\\/index.php\\\/producto\\\/royal-enfield-himalayan-411cc-sleet\\\/\",\"name\":\"ROYAL ENFIELD HIMALAYAN 411CC - SLEET - Enfield Extreme\",\"isPartOf\":{\"@id\":\"https:\\\/\\\/enfieldextreme.com\\\/#website\"},\"primaryImageOfPage\":{\"@id\":\"https:\\\/\\\/enfieldextreme.com\\\/index.php\\\/producto\\\/royal-enfield-himalayan-411cc-sleet\\\/#primaryimage\"},\"image\":{\"@id\":\"https:\\\/\\\/enfieldextreme.com\\\/index.php\\\/producto\\\/royal-enfield-himalayan-411cc-sleet\\\/#primaryimage\"},\"thumbnailUrl\":\"https:\\\/\\\/enfieldextreme.com\\\/wp-content\\\/uploads\\\/2023\\\/11\\\/830-x-600-himalayan-abs-i-e1700234913320.png\",\"datePublished\":\"2024-04-23T15:36:04+00:00\",\"dateModified\":\"2026-02-06T17:20:45+00:00\",\"breadcrumb\":{\"@id\":\"https:\\\/\\\/enfieldextreme.com\\\/index.php\\\/producto\\\/royal-enfield-himalayan-411cc-sleet\\\/#breadcrumb\"},\"inLanguage\":\"es\",\"potentialAction\":[{\"@type\":\"ReadAction\",\"target\":[\"https:\\\/\\\/enfieldextreme.com\\\/index.php\\\/producto\\\/royal-enfield-himalayan-411cc-sleet\\\/\"]}]},{\"@type\":\"ImageObject\",\"inLanguage\":\"es\",\"@id\":\"https:\\\/\\\/enfieldextreme.com\\\/index.php\\\/producto\\\/royal-enfield-himalayan-411cc-sleet\\\/#primaryimage\",\"url\":\"https:\\\/\\\/enfieldextreme.com\\\/wp-content\\\/uploads\\\/2023\\\/11\\\/830-x-600-himalayan-abs-i-e1700234913320.png\",\"contentUrl\":\"https:\\\/\\\/enfieldextreme.com\\\/wp-content\\\/uploads\\\/2023\\\/11\\\/830-x-600-himalayan-abs-i-e1700234913320.png\",\"width\":830,\"height\":600},{\"@type\":\"BreadcrumbList\",\"@id\":\"https:\\\/\\\/enfieldextreme.com\\\/index.php\\\/producto\\\/royal-enfield-himalayan-411cc-sleet\\\/#breadcrumb\",\"itemListElement\":[{\"@type\":\"ListItem\",\"position\":1,\"name\":\"Portada\",\"item\":\"https:\\\/\\\/enfieldextreme.com\\\/\"},{\"@type\":\"ListItem\",\"position\":2,\"name\":\"Productos\",\"item\":\"https:\\\/\\\/enfieldextreme.com\\\/index.php\\\/shop\\\/\"},{\"@type\":\"ListItem\",\"position\":3,\"name\":\"ROYAL ENFIELD HIMALAYAN 411CC &#8211; SLEET\"}]},{\"@type\":\"WebSite\",\"@id\":\"https:\\\/\\\/enfieldextreme.com\\\/#website\",\"url\":\"https:\\\/\\\/enfieldextreme.com\\\/\",\"name\":\"Enfield Extreme\",\"description\":\"\",\"publisher\":{\"@id\":\"https:\\\/\\\/enfieldextreme.com\\\/#organization\"},\"potentialAction\":[{\"@type\":\"SearchAction\",\"target\":{\"@type\":\"EntryPoint\",\"urlTemplate\":\"https:\\\/\\\/enfieldextreme.com\\\/?s={search_term_string}\"},\"query-input\":{\"@type\":\"PropertyValueSpecification\",\"valueRequired\":true,\"valueName\":\"search_term_string\"}}],\"inLanguage\":\"es\"},{\"@type\":\"Organization\",\"@id\":\"https:\\\/\\\/enfieldextreme.com\\\/#organization\",\"name\":\"Enfield Extreme\",\"url\":\"https:\\\/\\\/enfieldextreme.com\\\/\",\"logo\":{\"@type\":\"ImageObject\",\"inLanguage\":\"es\",\"@id\":\"https:\\\/\\\/enfieldextreme.com\\\/#\\\/schema\\\/logo\\\/image\\\/\",\"url\":\"https:\\\/\\\/enfieldextreme.com\\\/wp-content\\\/uploads\\\/2023\\\/11\\\/cropped-LOGOENFIELDX.png\",\"contentUrl\":\"https:\\\/\\\/enfieldextreme.com\\\/wp-content\\\/uploads\\\/2023\\\/11\\\/cropped-LOGOENFIELDX.png\",\"width\":1279,\"height\":686,\"caption\":\"Enfield Extreme\"},\"image\":{\"@id\":\"https:\\\/\\\/enfieldextreme.com\\\/#\\\/schema\\\/logo\\\/image\\\/\"}}]}<\/script>\n<!-- \/ Yoast SEO plugin. -->","yoast_head_json":{"title":"ROYAL ENFIELD HIMALAYAN 411CC - SLEET - Enfield Extreme","robots":{"index":"index","follow":"follow","max-snippet":"max-snippet:-1","max-image-preview":"max-image-preview:large","max-video-preview":"max-video-preview:-1"},"canonical":"https:\/\/enfieldextreme.com\/index.php\/producto\/royal-enfield-himalayan-411cc-sleet\/","og_locale":"es_ES","og_type":"article","og_title":"ROYAL ENFIELD HIMALAYAN 411CC - SLEET - Enfield Extreme","og_description":"La Royal Enfield Himalayan supone un nuevo hito en la historia del fabricante de motos en activo m\u00e1s longevo del mundo. Esta moto de trail el el primer modelo desarrollado 100 por cien por Royal Enfield con las m\u00e1s modernas t\u00e9cnicas de fabricaci\u00f3n y est\u00e1 orientado hacia los que tengan el carnet de moto A2, as\u00ed como para pilotos m\u00e1s experimentados.","og_url":"https:\/\/enfieldextreme.com\/index.php\/producto\/royal-enfield-himalayan-411cc-sleet\/","og_site_name":"Enfield Extreme","article_modified_time":"2026-02-06T17:20:45+00:00","og_image":[{"width":830,"height":600,"url":"https:\/\/enfieldextreme.com\/wp-content\/uploads\/2023\/11\/830-x-600-himalayan-abs-i-e1700234913320.png","type":"image\/png"}],"twitter_card":"summary_large_image","twitter_misc":{"Tiempo de lectura":"1 minuto"},"schema":{"@context":"https:\/\/schema.org","@graph":[{"@type":"WebPage","@id":"https:\/\/enfieldextreme.com\/index.php\/producto\/royal-enfield-himalayan-411cc-sleet\/","url":"https:\/\/enfieldextreme.com\/index.php\/producto\/royal-enfield-himalayan-411cc-sleet\/","name":"ROYAL ENFIELD HIMALAYAN 411CC - SLEET - Enfield Extreme","isPartOf":{"@id":"https:\/\/enfieldextreme.com\/#website"},"primaryImageOfPage":{"@id":"https:\/\/enfieldextreme.com\/index.php\/producto\/royal-enfield-himalayan-411cc-sleet\/#primaryimage"},"image":{"@id":"https:\/\/enfieldextreme.com\/index.php\/producto\/royal-enfield-himalayan-411cc-sleet\/#primaryimage"},"thumbnailUrl":"https:\/\/enfieldextreme.com\/wp-content\/uploads\/2023\/11\/830-x-600-himalayan-abs-i-e1700234913320.png","datePublished":"2024-04-23T15:36:04+00:00","dateModified":"2026-02-06T17:20:45+00:00","breadcrumb":{"@id":"https:\/\/enfieldextreme.com\/index.php\/producto\/royal-enfield-himalayan-411cc-sleet\/#breadcrumb"},"inLanguage":"es","potentialAction":[{"@type":"ReadAction","target":["https:\/\/enfieldextreme.com\/index.php\/producto\/royal-enfield-himalayan-411cc-sleet\/"]}]},{"@type":"ImageObject","inLanguage":"es","@id":"https:\/\/enfieldextreme.com\/index.php\/producto\/royal-enfield-himalayan-411cc-sleet\/#primaryimage","url":"https:\/\/enfieldextreme.com\/wp-content\/uploads\/2023\/11\/830-x-600-himalayan-abs-i-e1700234913320.png","contentUrl":"https:\/\/enfieldextreme.com\/wp-content\/uploads\/2023\/11\/830-x-600-himalayan-abs-i-e1700234913320.png","width":830,"height":600},{"@type":"BreadcrumbList","@id":"https:\/\/enfieldextreme.com\/index.php\/producto\/royal-enfield-himalayan-411cc-sleet\/#breadcrumb","itemListElement":[{"@type":"ListItem","position":1,"name":"Portada","item":"https:\/\/enfieldextreme.com\/"},{"@type":"ListItem","position":2,"name":"Productos","item":"https:\/\/enfieldextreme.com\/index.php\/shop\/"},{"@type":"ListItem","position":3,"name":"ROYAL ENFIELD HIMALAYAN 411CC &#8211; SLEET"}]},{"@type":"WebSite","@id":"https:\/\/enfieldextreme.com\/#website","url":"https:\/\/enfieldextreme.com\/","name":"Enfield Extreme","description":"","publisher":{"@id":"https:\/\/enfieldextreme.com\/#organization"},"potentialAction":[{"@type":"SearchAction","target":{"@type":"EntryPoint","urlTemplate":"https:\/\/enfieldextreme.com\/?s={search_term_string}"},"query-input":{"@type":"PropertyValueSpecification","valueRequired":true,"valueName":"search_term_string"}}],"inLanguage":"es"},{"@type":"Organization","@id":"https:\/\/enfieldextreme.com\/#organization","name":"Enfield Extreme","url":"https:\/\/enfieldextreme.com\/","logo":{"@type":"ImageObject","inLanguage":"es","@id":"https:\/\/enfieldextreme.com\/#\/schema\/logo\/image\/","url":"https:\/\/enfieldextreme.com\/wp-content\/uploads\/2023\/11\/cropped-LOGOENFIELDX.png","contentUrl":"https:\/\/enfieldextreme.com\/wp-content\/uploads\/2023\/11\/cropped-LOGOENFIELDX.png","width":1279,"height":686,"caption":"Enfield Extreme"},"image":{"@id":"https:\/\/enfieldextreme.com\/#\/schema\/logo\/image\/"}}]}},"_links":{"self":[{"href":"https:\/\/enfieldextreme.com\/index.php\/wp-json\/wp\/v2\/product\/2613","targetHints":{"allow":["GET"]}}],"collection":[{"href":"https:\/\/enfieldextreme.com\/index.php\/wp-json\/wp\/v2\/product"}],"about":[{"href":"https:\/\/enfieldextreme.com\/index.php\/wp-json\/wp\/v2\/types\/product"}],"wp:featuredmedia":[{"embeddable":true,"href":"https:\/\/enfieldextreme.com\/index.php\/wp-json\/wp\/v2\/media\/1847"}],"wp:attachment":[{"href":"https:\/\/enfieldextreme.com\/index.php\/wp-json\/wp\/v2\/media?parent=2613"}],"wp:term":[{"taxonomy":"product_brand","embeddable":true,"href":"https:\/\/enfieldextreme.com\/index.php\/wp-json\/wp\/v2\/product_brand?post=2613"},{"taxonomy":"product_cat","embeddable":true,"href":"https:\/\/enfieldextreme.com\/index.php\/wp-json\/wp\/v2\/product_cat?post=2613"},{"taxonomy":"product_tag","embeddable":true,"href":"https:\/\/enfieldextreme.com\/index.php\/wp-json\/wp\/v2\/product_tag?post=2613"}],"curies":[{"name":"wp","href":"https:\/\/api.w.org\/{rel}","templated":true}]}}